{"id":10971,"date":"2015-12-17T10:05:42","date_gmt":"2015-12-17T08:05:42","guid":{"rendered":"http:\/\/atcmekanik.com\/?page_id=10971"},"modified":"2024-09-25T13:29:04","modified_gmt":"2024-09-25T10:29:04","slug":"risorse-umane","status":"publish","type":"page","link":"https:\/\/atcmekanik.com\/it\/risorse-umane\/","title":{"rendered":"Risorse umane"},"content":{"rendered":"<div id='av_section_1'  class='avia-section av-3sajlx7-2c861242480ce51067f19f41709813db main_color avia-section-default avia-no-border-styling  avia-builder-el-0  avia-builder-el-no-sibling  avia-bg-style-scroll container_wrap fullsize'  ><div class='container av-section-cont-open' ><main  role=\"main\" itemprop=\"mainContentOfPage\"  class='template-page content  av-content-full alpha units'><div class='post-entry post-entry-type-page post-entry-10971'><div class='entry-content-wrapper clearfix'>\n<div  class='flex_column av-3ikvqcb-f1f27995482f258343f3fe1d674c34cf av_one_full  avia-builder-el-1  el_before_av_one_half  avia-builder-el-first  first flex_column_div  '     ><style type=\"text\/css\" data-created_by=\"avia_inline_auto\" id=\"style-css-av-m1f2wckx-42d383ac66dd4f0b0e16599c0db3135d\">\n#top .av-special-heading.av-m1f2wckx-42d383ac66dd4f0b0e16599c0db3135d{\npadding-bottom:10px;\nfont-size:36px;\n}\nbody .av-special-heading.av-m1f2wckx-42d383ac66dd4f0b0e16599c0db3135d .av-special-heading-tag .heading-char{\nfont-size:25px;\n}\n#top #wrap_all .av-special-heading.av-m1f2wckx-42d383ac66dd4f0b0e16599c0db3135d .av-special-heading-tag{\nfont-size:36px;\n}\n.av-special-heading.av-m1f2wckx-42d383ac66dd4f0b0e16599c0db3135d .av-subheading{\nfont-size:15px;\n}\n\n@media only screen and (min-width: 480px) and (max-width: 767px){ \n#top #wrap_all .av-special-heading.av-m1f2wckx-42d383ac66dd4f0b0e16599c0db3135d .av-special-heading-tag{\nfont-size:0.8em;\n}\n}\n\n@media only screen and (max-width: 479px){ \n#top #wrap_all .av-special-heading.av-m1f2wckx-42d383ac66dd4f0b0e16599c0db3135d .av-special-heading-tag{\nfont-size:0.8em;\n}\n}\n<\/style>\n<div  id=\"cizgili2\"  class='av-special-heading av-m1f2wckx-42d383ac66dd4f0b0e16599c0db3135d av-special-heading-h3 blockquote modern-quote modern-centered  avia-builder-el-2  avia-builder-el-no-sibling  cizgili2 av-inherit-size'><h3 class='av-special-heading-tag '  itemprop=\"headline\"  >Risorse umane<\/h3><div class=\"special-heading-border\"><div class=\"special-heading-inner-border\"><\/div><\/div><\/div><\/div><div  class='flex_column av-34p06u3-0531421bd40c4602eaf454efd33b2008 av_one_half  avia-builder-el-3  el_after_av_one_full  el_before_av_one_half  first flex_column_div  column-top-margin'     ><section  class='av_textblock_section av-m1f2w7zb-8bbbb0dede19f0a064def554dca375c6 '   itemscope=\"itemscope\" itemtype=\"https:\/\/schema.org\/CreativeWork\" ><div class='avia_textblock'  itemprop=\"text\" ><p>Uno degli aspetti pi\u00f9 forti della nostra azienda \u00e8 il valore che d\u00e0 alle persone. La nostra azienda d\u00e0 priorit\u00e0 alla soddisfazione dei dipendenti in tutte le aree, dall\u2019istruzione ai sistemi di remunerazione e ricompensa, dalle opportunit\u00e0 sociali che offre al piacevole ambiente di lavoro.<\/p>\n<p>Come Direzione Risorse Umane, effettuiamo valutazioni sulla base delle \u201cqualifiche\u201d richieste dalla posizione richiesta per i nostri candidati, nonch\u00e9 delle \u201ccompetenze\u201d richieste dalla posizione interessata. Mentre la vostra istruzione, le lingue straniere che avete imparato e la vostra passata esperienza lavorativa in posizioni simili sono le vostre \u201cqualifiche\u201d; la leadership, il pensiero analitico, l\u2019azione di squadra, l\u2019orientamento al risultato e tratti di personalit\u00e0 simili costituiscono i criteri di \u201ccompetenza\u201d della nostra azienda.<\/p>\n<p>In ATC Mekanik, che serve ogni settore nel campo della costruzione di saldature, verniciatura a polvere elettrostatica e lavorazione meccanica, le competenze pi\u00f9 importanti che sono in prima linea nei criteri di reclutamento e si applicano a tutte le posizioni sono il dinamismo e concentrarsi sulla vittoria e sul raggiungimento di risultati positivi sia come leader della squadra che come giocatore della squadra.<\/p>\n<p>Nella nostra azienda, la determinazione dei nostri dipendenti ad avere successo si vede come un simbolo del nostro potere aziendale. Se credi di poter fare la differenza e vuoi far parte del nostro team, contattaci.<\/p>\n<\/div><\/section><\/div><div  class='flex_column av-2iu3kl7-ab98ca8ae349f6c8a07a1e5e75595cf1 av_one_half  avia-builder-el-5  el_after_av_one_half  avia-builder-el-last  flex_column_div  column-top-margin'     ><form action=\"https:\/\/atcmekanik.com\/it\/risorse-umane\/\" method=\"post\" data-fields-with-error=\"Found errors in the following field(s):\" class=\"avia_ajax_form av-form-labels-hidden   avia-builder-el-6  avia-builder-el-no-sibling   \" data-avia-form-id=\"1\" data-avia-redirect='' ><fieldset><p class='  first_form  form_element form_fullwidth' id='element_avia_1_1'><label for=\"avia_1_1\">Nome cognome <abbr class=\"required\" title=\"Zorunlu\">*<\/abbr><\/label> <input name=\"avia_1_1\" class=\"text_input is_empty\" type=\"text\" id=\"avia_1_1\" value=\"\"  placeholder='Nome cognome*'\/><\/p><p class='  first_form  form_element form_fullwidth' id='element_avia_2_1'><label for=\"avia_2_1\">E-mail <abbr class=\"required\" title=\"Zorunlu\">*<\/abbr><\/label> <input name=\"avia_2_1\" class=\"text_input is_empty\" type=\"text\" id=\"avia_2_1\" value=\"\"  placeholder='E-mail*'\/><\/p><p class='  first_form  form_element form_fullwidth' id='element_avia_3_1'><label for=\"avia_3_1\">Telefono <abbr class=\"required\" title=\"Zorunlu\">*<\/abbr><\/label> <input name=\"avia_3_1\" class=\"text_input is_empty\" type=\"text\" id=\"avia_3_1\" value=\"\"  placeholder='Telefono*'\/><\/p><p class='  first_form  form_element form_fullwidth av-last-visible-form-element' id='element_avia_4_1'><label for=\"avia_4_1\" class=\"textare_label hidden textare_label_avia_4_1\">Il vostro messaggio <abbr class=\"required\" title=\"Zorunlu\">*<\/abbr><\/label><textarea  placeholder='Il vostro messaggio*' name=\"avia_4_1\" class=\"text_area is_empty\" cols=\"40\" rows=\"7\" id=\"avia_4_1\" ><\/textarea><\/p><p class=\"hidden\"><input type=\"text\" name=\"avia_5_1\" class=\"hidden \" id=\"avia_5_1\" value=\"\" \/><\/p><p class=\"form_element \"><input type=\"hidden\" value=\"1\" name=\"avia_generated_form1\" \/><input type=\"submit\" value=\"Invia\" class=\"button\"  data-sending-label=\"G\u00f6nderiliyor\"\/><\/p><\/fieldset><\/form><div id=\"ajaxresponse_1\" class=\"ajaxresponse ajaxresponse_1 hidden\"><\/div><\/div>\n","protected":false},"excerpt":{"rendered":"","protected":false},"author":1,"featured_media":0,"parent":0,"menu_order":0,"comment_status":"closed","ping_status":"closed","template":"","meta":{"footnotes":""},"class_list":["post-10971","page","type-page","status-publish","hentry"],"_links":{"self":[{"href":"https:\/\/atcmekanik.com\/it\/wp-json\/wp\/v2\/pages\/10971"}],"collection":[{"href":"https:\/\/atcmekanik.com\/it\/wp-json\/wp\/v2\/pages"}],"about":[{"href":"https:\/\/atcmekanik.com\/it\/wp-json\/wp\/v2\/types\/page"}],"author":[{"embeddable":true,"href":"https:\/\/atcmekanik.com\/it\/wp-json\/wp\/v2\/users\/1"}],"replies":[{"embeddable":true,"href":"https:\/\/atcmekanik.com\/it\/wp-json\/wp\/v2\/comments?post=10971"}],"version-history":[{"count":5,"href":"https:\/\/atcmekanik.com\/it\/wp-json\/wp\/v2\/pages\/10971\/revisions"}],"predecessor-version":[{"id":11346,"href":"https:\/\/atcmekanik.com\/it\/wp-json\/wp\/v2\/pages\/10971\/revisions\/11346"}],"wp:attachment":[{"href":"https:\/\/atcmekanik.com\/it\/wp-json\/wp\/v2\/media?parent=10971"}],"curies":[{"name":"wp","href":"https:\/\/api.w.org\/{rel}","templated":true}]}}