{"id":3716,"date":"2012-11-26T10:23:16","date_gmt":"2012-11-26T08:23:16","guid":{"rendered":"http:\/\/muffingroup.com\/dev8624\/ripson\/?page_id=3716"},"modified":"2025-12-23T16:52:27","modified_gmt":"2025-12-23T13:52:27","slug":"uber-uns","status":"publish","type":"page","link":"https:\/\/atcmekanik.com\/de\/uber-uns\/","title":{"rendered":"\u00dcber uns"},"content":{"rendered":"<div id='av-layout-grid-1'  class='av-layout-grid-container av-7g4ffo-ec9081128a6f378b02bec89965057f40 entry-content-wrapper main_color av-flex-cells  avia-builder-el-0  el_before_av_section  avia-builder-el-first   container_wrap fullsize'  >\n\n<style type=\"text\/css\" data-created_by=\"avia_inline_auto\" id=\"style-css-av-m1f0n02r-8df4690151d97d0e3f67337543e9f588\">\n.flex_cell.av-m1f0n02r-8df4690151d97d0e3f67337543e9f588{\nvertical-align:top;\nbackground-color:#0376c0;\n}\n.responsive #top #wrap_all .flex_cell.av-m1f0n02r-8df4690151d97d0e3f67337543e9f588{\npadding:30px 30px 30px 10% !important;\n}\n<\/style>\n<div class='flex_cell av-m1f0n02r-8df4690151d97d0e3f67337543e9f588 av-gridrow-cell av_one_half no_margin  avia-builder-el-1  el_before_av_cell_one_half  avia-builder-el-first '  ><div class='flex_cell_inner'><div  class='flex_column av-67wzro-8e683c1e3da2bdc8a5d89858ab304592 av_one_full  avia-builder-el-2  avia-builder-el-no-sibling  first flex_column_div  '     ><style type=\"text\/css\" data-created_by=\"avia_inline_auto\" id=\"style-css-av-m1f0m2dg-af71e928b09465858a6da3ce077b45a7\">\n.avia-image-container.av-m1f0m2dg-af71e928b09465858a6da3ce077b45a7 img.avia_image{\nbox-shadow:none;\n}\n.avia-image-container.av-m1f0m2dg-af71e928b09465858a6da3ce077b45a7 .av-image-caption-overlay-center{\ncolor:#ffffff;\n}\n<\/style>\n<div  class='avia-image-container av-m1f0m2dg-af71e928b09465858a6da3ce077b45a7 av-styling-no-styling avia-align-right  avia-builder-el-3  avia-builder-el-no-sibling '   itemprop=\"image\" itemscope=\"itemscope\" itemtype=\"https:\/\/schema.org\/ImageObject\" ><div class=\"avia-image-container-inner\"><div class=\"avia-image-overlay-wrap\"><img decoding=\"async\" fetchpriority=\"high\" class='wp-image-11168 avia-img-lazy-loading-not-11168 avia_image ' src=\"https:\/\/atcmekanik.com\/de\/wp-content\/uploads\/atc-mekanik-hakkimizda.jpg\" alt='' title='atc-mekanik-hakkimizda'  height=\"600\" width=\"680\"  itemprop=\"thumbnailUrl\"  \/><\/div><\/div><\/div><\/div>\n<\/div><\/div>\n<style type=\"text\/css\" data-created_by=\"avia_inline_auto\" id=\"style-css-av-m1f0nnkh-a05b9cce66e046eed3a7e318900f4c84\">\n.flex_cell.av-m1f0nnkh-a05b9cce66e046eed3a7e318900f4c84{\nvertical-align:middle;\n}\n.responsive #top #wrap_all .flex_cell.av-m1f0nnkh-a05b9cce66e046eed3a7e318900f4c84{\npadding:30px 10% 30px 30px !important;\n}\n<\/style>\n<div class='flex_cell av-m1f0nnkh-a05b9cce66e046eed3a7e318900f4c84 av-gridrow-cell av_one_half no_margin  avia-builder-el-4  el_after_av_cell_one_half  avia-builder-el-last '  ><div class='flex_cell_inner'><div  class='flex_column av-3ytjgk-720967be6665e8245d1964d959b0da1d av_one_full  avia-builder-el-5  avia-builder-el-no-sibling  first flex_column_div  '     ><section  class='av_textblock_section av-m1f0mej0-a9d253991146167d8cc9a55d9520eac6 '   itemscope=\"itemscope\" itemtype=\"https:\/\/schema.org\/CreativeWork\" ><div class='avia_textblock'  itemprop=\"text\" ><p data-start=\"391\" data-end=\"815\"><strong data-start=\"391\" data-end=\"406\">ATC Mekanik<\/strong> ist ein f\u00fchrender Hersteller f\u00fcr <strong data-start=\"440\" data-end=\"475\">industrielle Pulverbeschichtung<\/strong> und <strong data-start=\"480\" data-end=\"498\">Nasslackierung<\/strong> in Izmir, T\u00fcrkei, und bietet <strong data-start=\"528\" data-end=\"573\">hochleistungsf\u00e4hige Beschichtungsl\u00f6sungen<\/strong> f\u00fcr europ\u00e4ische und internationale Industrien. Mit der gr\u00f6\u00dften <strong data-start=\"637\" data-end=\"673\">Kapazit\u00e4t f\u00fcr Pulverbeschichtung<\/strong> in der \u00c4g\u00e4is-Region betreiben wir drei hochmoderne Beschichtungslinien, die breite, hohe, schwere und komplexe Metallteile bearbeiten k\u00f6nnen.<\/p>\n<p data-start=\"817\" data-end=\"1207\">Wir liefern <strong data-start=\"829\" data-end=\"889\">Nasslackierungen gem\u00e4\u00df den Korrosionsschutzklassen C1\u2013C5<\/strong>, <strong data-start=\"891\" data-end=\"926\">dauerhafte Pulverbeschichtungen<\/strong> sowie <strong data-start=\"933\" data-end=\"972\">hochwertige Oberfl\u00e4chenveredelungen<\/strong> f\u00fcr Komponenten der Schwerindustrie, Maschinenteile, Blechprodukte und Stahlkonstruktionen. Auf Wunsch verwenden wir international zertifizierte <strong data-start=\"1118\" data-end=\"1153\">Pulver- und Nasslackmaterialien<\/strong>, die vollst\u00e4ndig den europ\u00e4ischen Normen entsprechen.<\/p>\n<h3 data-start=\"1209\" data-end=\"1250\"><strong data-start=\"1213\" data-end=\"1250\">Unser Expertenteam gew\u00e4hrleistet:<\/strong><\/h3>\n<p data-start=\"1252\" data-end=\"1418\">\u2714 \u00dcberragende Oberfl\u00e4chenqualit\u00e4t<br data-start=\"1285\" data-end=\"1288\" \/>\u2714 Hohe Korrosionsbest\u00e4ndigkeit<br data-start=\"1318\" data-end=\"1321\" \/>\u2714 Langfristige industrielle Haltbarkeit<br data-start=\"1360\" data-end=\"1363\" \/>\u2714 Konstante und reproduzierbare Beschichtungsleistung<\/p>\n<p data-start=\"1420\" data-end=\"1631\"><strong data-start=\"1420\" data-end=\"1435\">ATC Mekanik<\/strong> ist die <strong data-start=\"1444\" data-end=\"1470\">vertrauensw\u00fcrdige Wahl<\/strong> f\u00fcr europ\u00e4ische Unternehmen, die in der T\u00fcrkei <strong data-start=\"1518\" data-end=\"1549\">industrielle Beschichtungen<\/strong>, <strong data-start=\"1551\" data-end=\"1575\">Pulverbeschichtungen<\/strong> und <strong data-start=\"1580\" data-end=\"1613\">Metalloberfl\u00e4chenveredelungen<\/strong> beziehen m\u00f6chten.<\/p>\n<\/div><\/section><br \/>\n<\/p><\/div>\n<\/div><\/div>\n<\/div>\n<div id='av_section_1'  class='avia-section av-20f16c-07ffaee7291d943a7796dbed6963b841 main_color avia-section-default avia-no-border-styling  avia-builder-el-8  el_after_av_layout_row  el_before_av_section  avia-bg-style-scroll container_wrap fullsize'  ><div class='container av-section-cont-open' ><div class='template-page content  av-content-full alpha units'><div class='post-entry post-entry-type-page post-entry-3716'><div class='entry-content-wrapper clearfix'>\n<div  class='flex_column av-9gevpg-6fa435317747d4bae749905a78af0f9a av_one_full  avia-builder-el-9  avia-builder-el-no-sibling  first flex_column_div  '     ><p>\n<style type=\"text\/css\" data-created_by=\"avia_inline_auto\" id=\"style-css-av-m1f0t3rr-4d23f89d899444f9c2887eef4d1015d5\">\n#top .av-special-heading.av-m1f0t3rr-4d23f89d899444f9c2887eef4d1015d5{\npadding-bottom:10px;\nfont-size:36px;\n}\nbody .av-special-heading.av-m1f0t3rr-4d23f89d899444f9c2887eef4d1015d5 .av-special-heading-tag .heading-char{\nfont-size:25px;\n}\n#top #wrap_all .av-special-heading.av-m1f0t3rr-4d23f89d899444f9c2887eef4d1015d5 .av-special-heading-tag{\nfont-size:36px;\n}\n.av-special-heading.av-m1f0t3rr-4d23f89d899444f9c2887eef4d1015d5 .av-subheading{\nfont-size:15px;\n}\n\n@media only screen and (min-width: 480px) and (max-width: 767px){ \n#top #wrap_all .av-special-heading.av-m1f0t3rr-4d23f89d899444f9c2887eef4d1015d5 .av-special-heading-tag{\nfont-size:0.8em;\n}\n}\n\n@media only screen and (max-width: 479px){ \n#top #wrap_all .av-special-heading.av-m1f0t3rr-4d23f89d899444f9c2887eef4d1015d5 .av-special-heading-tag{\nfont-size:0.8em;\n}\n}\n<\/style>\n<div  class='av-special-heading av-m1f0t3rr-4d23f89d899444f9c2887eef4d1015d5 av-special-heading-h3 blockquote modern-quote modern-centered  avia-builder-el-10  el_before_av_partner  avia-builder-el-first  av-inherit-size'><h3 class='av-special-heading-tag '  itemprop=\"headline\"  >UNSERE GRUPPENUNTERNEHMEN<\/h3><div class=\"special-heading-border\"><div class=\"special-heading-inner-border\"><\/div><\/div><\/div><br \/>\n<div  class='avia-logo-element-container av-m1f128l3-0de1a1d321da022495ee575b9fe5cbcf av-border-deactivate avia-logo-grid avia-content-slider avia-smallarrow-slider avia-content-grid-active noHover avia-content-slider-odd  avia-builder-el-11  el_after_av_heading  avia-builder-el-last  avia-content-slider1' ><div class='avia-smallarrow-slider-heading  no-logo-slider-heading '><div class='new-special-heading'>&nbsp;<\/div><\/div><div class=\"avia-content-slider-inner\"><div class=\"slide-entry-wrap\"><div  class='slide-entry av-m1f117nr-2-c5ffcbe666f94c87e2b0b40717993a1a flex_column no_margin av_one_third real-thumbnail post-entry slide-entry-overview slide-loop-1 slide-parity-odd  first'><img decoding=\"async\" fetchpriority=\"high\" width=\"425\" height=\"150\" src=\"https:\/\/atcmekanik.com\/de\/wp-content\/uploads\/ATC-logox2.jpg\" class=\"wp-image-10982 avia-img-lazy-loading-not-10982 attachment-no scaling size-no scaling\" alt=\"\" srcset=\"https:\/\/atcmekanik.com\/de\/wp-content\/uploads\/ATC-logox2.jpg 425w, https:\/\/atcmekanik.com\/de\/wp-content\/uploads\/ATC-logox2-300x106.jpg 300w, https:\/\/atcmekanik.com\/de\/wp-content\/uploads\/ATC-logox2-260x92.jpg 260w, https:\/\/atcmekanik.com\/de\/wp-content\/uploads\/ATC-logox2-50x18.jpg 50w\" sizes=\"(max-width: 425px) 100vw, 425px\" \/><\/div><div  class='slide-entry av-33cs50-1a4ba22156d4219bdd380a6a5c3a2c28 flex_column no_margin av_one_third real-thumbnail post-entry slide-entry-overview slide-loop-2 slide-parity-even  '><a href=\"http:\/\/izmirmekanik.com.tr\/\" data-rel='slide-1' class='slide-image' title='' target=\"_blank\" rel=\"noopener noreferrer\"><img decoding=\"async\" fetchpriority=\"high\" width=\"427\" height=\"100\" src=\"https:\/\/atcmekanik.com\/de\/wp-content\/uploads\/izmir-mekanik-1.png\" class=\"wp-image-11175 avia-img-lazy-loading-not-11175 attachment-no scaling size-no scaling\" alt=\"\" \/><\/a><\/div><div  class='slide-entry av-m1f117nr-2aed1dec2fd1d9e377033a810b7136e5 flex_column no_margin av_one_third real-thumbnail post-entry slide-entry-overview slide-loop-3 slide-parity-odd post-entry-last '><a href=\"http:\/\/izmirlaser.com\" data-rel='slide-1' class='slide-image' title='' target=\"_blank\" rel=\"noopener noreferrer\"><img decoding=\"async\" fetchpriority=\"high\" width=\"250\" height=\"120\" src=\"https:\/\/atcmekanik.com\/de\/wp-content\/uploads\/izmir-laser-logo-1-1.png\" class=\"wp-image-11176 avia-img-lazy-loading-not-11176 attachment-no scaling size-no scaling\" alt=\"\" \/><\/a><\/div><\/div><\/div><\/div><\/p><\/div>\n\n<\/div><\/div><\/div><!-- close content main div --><\/div><\/div>\n<style type=\"text\/css\" data-created_by=\"avia_inline_auto\" id=\"style-css-av-81ibhg-ab55491e28d1184bfabcacc32ac7899d\">\n.avia-section.av-81ibhg-ab55491e28d1184bfabcacc32ac7899d{\nbackground-color:#f4f4f4;\nbackground-image:unset;\n}\n<\/style>\n<div id='av_section_2'  class='avia-section av-81ibhg-ab55491e28d1184bfabcacc32ac7899d main_color avia-section-default avia-no-border-styling  avia-builder-el-12  el_after_av_section  avia-builder-el-last  avia-bg-style-scroll container_wrap fullsize'  ><div class='container av-section-cont-open' ><div class='template-page content  av-content-full alpha units'><div class='post-entry post-entry-type-page post-entry-3716'><div class='entry-content-wrapper clearfix'>\n<div  class='flex_column av-66bc5g-ef5e6acbc4ac8ea4839328bdf904c42b av_one_full  avia-builder-el-13  el_before_av_one_half  avia-builder-el-first  first flex_column_div  '     ><style type=\"text\/css\" data-created_by=\"avia_inline_auto\" id=\"style-css-av-m1f0tfm7-1db0b372bcc115ec7deaf0dea71dee25\">\n#top .av-special-heading.av-m1f0tfm7-1db0b372bcc115ec7deaf0dea71dee25{\npadding-bottom:10px;\nfont-size:36px;\n}\nbody .av-special-heading.av-m1f0tfm7-1db0b372bcc115ec7deaf0dea71dee25 .av-special-heading-tag .heading-char{\nfont-size:25px;\n}\n#top #wrap_all .av-special-heading.av-m1f0tfm7-1db0b372bcc115ec7deaf0dea71dee25 .av-special-heading-tag{\nfont-size:36px;\n}\n.av-special-heading.av-m1f0tfm7-1db0b372bcc115ec7deaf0dea71dee25 .av-subheading{\nfont-size:15px;\n}\n\n@media only screen and (min-width: 480px) and (max-width: 767px){ \n#top #wrap_all .av-special-heading.av-m1f0tfm7-1db0b372bcc115ec7deaf0dea71dee25 .av-special-heading-tag{\nfont-size:0.8em;\n}\n}\n\n@media only screen and (max-width: 479px){ \n#top #wrap_all .av-special-heading.av-m1f0tfm7-1db0b372bcc115ec7deaf0dea71dee25 .av-special-heading-tag{\nfont-size:0.8em;\n}\n}\n<\/style>\n<div  class='av-special-heading av-m1f0tfm7-1db0b372bcc115ec7deaf0dea71dee25 av-special-heading-h3 blockquote modern-quote modern-centered  avia-builder-el-14  avia-builder-el-no-sibling  av-inherit-size'><h3 class='av-special-heading-tag '  itemprop=\"headline\"  >UNSERE QUALIT\u00c4TSPOLITIK<\/h3><div class=\"special-heading-border\"><div class=\"special-heading-inner-border\"><\/div><\/div><\/div><\/div>\n<style type=\"text\/css\" data-created_by=\"avia_inline_auto\" id=\"style-css-av-4xxopw-a867960569666bac45be1a4cbd78da58\">\n.flex_column.av-4xxopw-a867960569666bac45be1a4cbd78da58{\nwidth:48.75%;\n}\n<\/style>\n<div  class='flex_column av-4xxopw-a867960569666bac45be1a4cbd78da58 av_one_half  avia-builder-el-15  el_after_av_one_full  el_before_av_one_half  first flex_column_div  column-top-margin'     ><style type=\"text\/css\" data-created_by=\"avia_inline_auto\" id=\"style-css-av-m1f0uyzy-4282eca170c651bc9c7eebea2c5c351d\">\n#top .avia-icon-list-container.av-m1f0uyzy-4282eca170c651bc9c7eebea2c5c351d .iconlist_icon{\ncolor:#0267a8;\nbackground-color:#ffffff;\nborder:1px solid #0267a8;\n}\n<\/style>\n<div  class='avia-icon-list-container av-m1f0uyzy-4282eca170c651bc9c7eebea2c5c351d  avia-builder-el-16  avia-builder-el-no-sibling  cizgili3'><ul class='avia-icon-list avia_animate_when_almost_visible avia-icon-list-left av-iconlist-big av-m1f0uyzy-4282eca170c651bc9c7eebea2c5c351d avia-iconlist-animate'>\n<li><div class='iconlist_icon av-m1f0uikv-c54b97d74ce0805cbd971f9f63303856 avia-font-entypo-fontello'><span class='iconlist-char' aria-hidden='true' data-av_icon='\ue812' data-av_iconfont='entypo-fontello'><\/span><\/div><article class=\"article-icon-entry \"  itemscope=\"itemscope\" itemtype=\"https:\/\/schema.org\/CreativeWork\" ><div class=\"iconlist_content_wrap\"><header class=\"entry-content-header\"><h4 class='av_iconlist_title iconlist_title  '  itemprop=\"headline\" >Zuverl\u00e4ssig<\/h4><\/header><div class='iconlist_content '  itemprop=\"text\" ><p>Atc Mechanik hat es sich zum Prinzip gemacht eine \u201cZuverl\u00e4ssige Firma\u201d zu sein. Die Firma ist zusammen mit ihren Mitarbeitern eine gro\u00dfe Familie. Alle Mitglieder dieser Familie sind daf\u00fcr verantwortlich, gemeinsam im Team zu arbeiten, den Qualit\u00e4tsstandard immer zu bewahren und anzuwenden und sich im Laufe des technischen Fortschrittes fortzubilden.<\/p>\n<\/div><\/div><footer class=\"entry-footer\"><\/footer><\/article><div class=\"iconlist-timeline\"><\/div><\/li>\n<li><div class='iconlist_icon av-m1f0uikv-7-c511d3f47909026c2785a7669074faf4 avia-font-entypo-fontello'><span class='iconlist-char' aria-hidden='true' data-av_icon='\ue82a' data-av_iconfont='entypo-fontello'><\/span><\/div><article class=\"article-icon-entry \"  itemscope=\"itemscope\" itemtype=\"https:\/\/schema.org\/CreativeWork\" ><div class=\"iconlist_content_wrap\"><header class=\"entry-content-header\"><h4 class='av_iconlist_title iconlist_title  '  itemprop=\"headline\" >F\u00fchrend<\/h4><\/header><div class='iconlist_content '  itemprop=\"text\" ><p>Atc Mechanik wurde gegr\u00fcndet, um dem Fortschritt der Maschinenindustrie in unserem Land Beitrag zu leisten. Unsere Firma befolgt die aktuelle Technologie genau und macht die daf\u00fcr erforderlichen Investitionen. Ihre Vision, Kapazit\u00e4t und Produktivit\u00e4t nimmt Tag f\u00fcr Tag zu und sorgt daf\u00fcr, stets unter den f\u00fchrenden Firmen der Branche zu agieren.<\/p>\n<\/div><\/div><footer class=\"entry-footer\"><\/footer><\/article><div class=\"iconlist-timeline\"><\/div><\/li>\n<\/ul><\/div><\/div>\n<style type=\"text\/css\" data-created_by=\"avia_inline_auto\" id=\"style-css-av-1w0fas-38aca08691781a37067e6c32d8a86d5c\">\n.flex_column.av-1w0fas-38aca08691781a37067e6c32d8a86d5c{\nwidth:48.75%;\nmargin-left:2.5%;\n}\n<\/style>\n<div  class='flex_column av-1w0fas-38aca08691781a37067e6c32d8a86d5c av_one_half  avia-builder-el-17  el_after_av_one_half  avia-builder-el-last  flex_column_div  column-top-margin'     ><style type=\"text\/css\" data-created_by=\"avia_inline_auto\" id=\"style-css-av-m1f0vx7f-855fe1f81a10a254099e941e9bffb609\">\n#top .avia-icon-list-container.av-m1f0vx7f-855fe1f81a10a254099e941e9bffb609 .iconlist_icon{\ncolor:#0267a8;\nbackground-color:#ffffff;\nborder:1px solid #0267a8;\n}\n<\/style>\n<div  class='avia-icon-list-container av-m1f0vx7f-855fe1f81a10a254099e941e9bffb609  avia-builder-el-18  avia-builder-el-no-sibling '><ul class='avia-icon-list avia_animate_when_almost_visible avia-icon-list-left av-iconlist-big av-m1f0vx7f-855fe1f81a10a254099e941e9bffb609 avia-iconlist-animate'>\n<li><div class='iconlist_icon av-m1f0vef1-961a9bcf9d8ed25cf6517f8dff0c7275 avia-font-entypo-fontello'><span class='iconlist-char' aria-hidden='true' data-av_icon='\ue841' data-av_iconfont='entypo-fontello'><\/span><\/div><article class=\"article-icon-entry \"  itemscope=\"itemscope\" itemtype=\"https:\/\/schema.org\/CreativeWork\" ><div class=\"iconlist_content_wrap\"><header class=\"entry-content-header\"><h4 class='av_iconlist_title iconlist_title  '  itemprop=\"headline\" >Leitend<\/h4><\/header><div class='iconlist_content '  itemprop=\"text\" ><p>Atc Mechanik kennt bei der Dienstleistung keine Grenzen. Unsere Firma, die im AOSB Izmir (Industriegebiet) t\u00e4tig ist, bietet unseren Kunden in Fragen der elektrostatischen Pulverlackierung und Schwei\u00dfkonstruktionsprozesse spezifische L\u00f6sungsm\u00f6glichkeiten und erf\u00fcllt besondere Bed\u00fcrfnisse. Die Bewertung der Kundenzufriedenheit und Einsch\u00e4tzung der Kundenerwartungen sehen wir als eine Quelle f\u00fcr zuk\u00fcnftige Verbesserungen.<\/p>\n<\/div><\/div><footer class=\"entry-footer\"><\/footer><\/article><div class=\"iconlist-timeline\"><\/div><\/li>\n<li><div class='iconlist_icon av-m1f0vef1-6-c7d0623a5d8619cefdebaca4c90de55a avia-font-entypo-fontello'><span class='iconlist-char' aria-hidden='true' data-av_icon='\ue862' data-av_iconfont='entypo-fontello'><\/span><\/div><article class=\"article-icon-entry \"  itemscope=\"itemscope\" itemtype=\"https:\/\/schema.org\/CreativeWork\" ><div class=\"iconlist_content_wrap\"><header class=\"entry-content-header\"><h4 class='av_iconlist_title iconlist_title  '  itemprop=\"headline\" >Ma\u00dfnahmenorientiert <\/h4><\/header><div class='iconlist_content '  itemprop=\"text\" ><p>Atc Mechanik bem\u00fcht sich immer, m\u00f6gliche Fehler in der elektrostatischen Pulverlackierung und in Schwei\u00dfkonstruktionsprozessen vorherzusehen und geeignete Ma\u00dfnahmen zu ergreifen, anstatt sie im Nachhinein versuchen zu beheben. Die Firma verbessert seine Arbeiten kontinuierlich um ihren Kunden einen besseren Service zu bieten.<\/p>\n<\/div><\/div><footer class=\"entry-footer\"><\/footer><\/article><div class=\"iconlist-timeline\"><\/div><\/li>\n<\/ul><\/div><\/div>\n","protected":false},"excerpt":{"rendered":"","protected":false},"author":1,"featured_media":10807,"parent":0,"menu_order":10,"comment_status":"open","ping_status":"closed","template":"","meta":{"footnotes":""},"class_list":["post-3716","page","type-page","status-publish","has-post-thumbnail","hentry"],"_links":{"self":[{"href":"https:\/\/atcmekanik.com\/de\/wp-json\/wp\/v2\/pages\/3716"}],"collection":[{"href":"https:\/\/atcmekanik.com\/de\/wp-json\/wp\/v2\/pages"}],"about":[{"href":"https:\/\/atcmekanik.com\/de\/wp-json\/wp\/v2\/types\/page"}],"author":[{"embeddable":true,"href":"https:\/\/atcmekanik.com\/de\/wp-json\/wp\/v2\/users\/1"}],"replies":[{"embeddable":true,"href":"https:\/\/atcmekanik.com\/de\/wp-json\/wp\/v2\/comments?post=3716"}],"version-history":[{"count":23,"href":"https:\/\/atcmekanik.com\/de\/wp-json\/wp\/v2\/pages\/3716\/revisions"}],"predecessor-version":[{"id":11645,"href":"https:\/\/atcmekanik.com\/de\/wp-json\/wp\/v2\/pages\/3716\/revisions\/11645"}],"wp:featuredmedia":[{"embeddable":true,"href":"https:\/\/atcmekanik.com\/de\/wp-json\/wp\/v2\/media\/10807"}],"wp:attachment":[{"href":"https:\/\/atcmekanik.com\/de\/wp-json\/wp\/v2\/media?parent=3716"}],"curies":[{"name":"wp","href":"https:\/\/api.w.org\/{rel}","templated":true}]}}