{"id":165,"date":"2012-04-01T09:53:02","date_gmt":"2012-04-01T06:53:02","guid":{"rendered":"http:\/\/themes.muffingroup.com\/doover\/?page_id=165"},"modified":"2025-12-08T16:16:21","modified_gmt":"2025-12-08T13:16:21","slug":"kontakt","status":"publish","type":"page","link":"https:\/\/atcmekanik.com\/de\/kontakt\/","title":{"rendered":"Kontakt"},"content":{"rendered":"<div id='av-layout-grid-1'  class='av-layout-grid-container av-fqrod-e768c07ea3bdd69c7f7dfc527acfb195 entry-content-wrapper main_color av-flex-cells  avia-builder-el-0  el_before_av_section  avia-builder-el-first   container_wrap fullsize'  >\n<div class='flex_cell av-6nudx-1de93e4143b4a0a28096ab17e48d1603 av-gridrow-cell av_one_full no_margin  avia-builder-el-1  avia-builder-el-no-sibling '  ><div class='flex_cell_inner'>\n<\/div><\/div>\n<\/div>\n<div id='av_section_1'  class='avia-section av-1ai4n9-e428bbf66cb96f981b0ac0612f303c0e main_color avia-section-default avia-no-border-styling  avia-builder-el-3  el_after_av_layout_row  avia-builder-el-last  avia-bg-style-scroll container_wrap fullsize'  ><div class='container av-section-cont-open' ><div class='template-page content  av-content-full alpha units'><div class='post-entry post-entry-type-page post-entry-165'><div class='entry-content-wrapper clearfix'>\n<div  class='flex_column av-easd-8884da9c2718af69fca018ce2093238e av_two_third  avia-builder-el-4  el_before_av_one_third  avia-builder-el-first  first flex_column_div  '     ><p>\n<style type=\"text\/css\" data-created_by=\"avia_inline_auto\" id=\"style-css-av-9mxbp-6544adf00ec806f015bf5fe92e6e7f85\">\n#top .av-special-heading.av-9mxbp-6544adf00ec806f015bf5fe92e6e7f85{\npadding-bottom:10px;\nfont-size:28px;\n}\nbody .av-special-heading.av-9mxbp-6544adf00ec806f015bf5fe92e6e7f85 .av-special-heading-tag .heading-char{\nfont-size:25px;\n}\n#top #wrap_all .av-special-heading.av-9mxbp-6544adf00ec806f015bf5fe92e6e7f85 .av-special-heading-tag{\nfont-size:28px;\n}\n.av-special-heading.av-9mxbp-6544adf00ec806f015bf5fe92e6e7f85 .av-subheading{\nfont-size:15px;\n}\n\n@media only screen and (min-width: 480px) and (max-width: 767px){ \n#top #wrap_all .av-special-heading.av-9mxbp-6544adf00ec806f015bf5fe92e6e7f85 .av-special-heading-tag{\nfont-size:0.8em;\n}\n}\n\n@media only screen and (max-width: 479px){ \n#top #wrap_all .av-special-heading.av-9mxbp-6544adf00ec806f015bf5fe92e6e7f85 .av-special-heading-tag{\nfont-size:0.8em;\n}\n}\n<\/style>\n<div  id=\"cizgili2\"  class='av-special-heading av-9mxbp-6544adf00ec806f015bf5fe92e6e7f85 av-special-heading-h3 blockquote modern-quote  avia-builder-el-5  el_before_av_contact  avia-builder-el-first  cizgili2 av-inherit-size'><h3 class='av-special-heading-tag '  itemprop=\"headline\"  >Kontakt formular<\/h3><div class=\"special-heading-border\"><div class=\"special-heading-inner-border\"><\/div><\/div><\/div><br \/>\n<form action=\"https:\/\/atcmekanik.com\/de\/kontakt\/\" method=\"post\" data-fields-with-error=\"Found errors in the following field(s):\" class=\"avia_ajax_form av-form-labels-hidden   avia-builder-el-6  el_after_av_heading  avia-builder-el-last   \" data-avia-form-id=\"1\" data-avia-redirect='' ><fieldset><p class='  first_form  form_element form_fullwidth' id='element_avia_1_1'><label for=\"avia_1_1\">Vor- und Zuname <abbr class=\"required\" title=\"Zorunlu\">*<\/abbr><\/label> <input name=\"avia_1_1\" class=\"text_input is_empty\" type=\"text\" id=\"avia_1_1\" value=\"\"  placeholder='Vor- und Zuname*'\/><\/p><p class='  first_form  form_element form_fullwidth' id='element_avia_2_1'><label for=\"avia_2_1\">E-mail<\/label> <input name=\"avia_2_1\" class=\"text_input \" type=\"text\" id=\"avia_2_1\" value=\"\"  placeholder='E-mail'\/><\/p><p class='  first_form  form_element form_fullwidth' id='element_avia_3_1'><label for=\"avia_3_1\">Gegenstand <abbr class=\"required\" title=\"Zorunlu\">*<\/abbr><\/label> <input name=\"avia_3_1\" class=\"text_input is_empty\" type=\"text\" id=\"avia_3_1\" value=\"\"  placeholder='Gegenstand*'\/><\/p><p class='  first_form  form_element form_fullwidth' id='element_avia_4_1'><label for=\"avia_4_1\" class=\"textare_label hidden textare_label_avia_4_1\">Ihre Nachricht <abbr class=\"required\" title=\"Zorunlu\">*<\/abbr><\/label><textarea  placeholder='Ihre Nachricht*' name=\"avia_4_1\" class=\"text_area is_empty\" cols=\"40\" rows=\"7\" id=\"avia_4_1\" ><\/textarea><\/p><p class=\"hidden\"><input type=\"text\" name=\"avia_5_1\" class=\"hidden \" id=\"avia_5_1\" value=\"\" \/><\/p><p class='   form_element form_fullwidth' id='element_avia_6_1'><span class='value_verifier_label'>1 + 2 = ?<\/span><input name=\"avia_6_1_verifier\" type=\"hidden\" id=\"avia_6_1_verifier\" value=\"174338753\"\/><label for=\"avia_6_1\">L\u00fctfen denklemi \u00e7\u00f6zerek insan oldu\u011funuzu kan\u0131tlay\u0131n\u0131z <abbr class=\"required\" title=\"Zorunlu\">*<\/abbr><\/label><input name=\"avia_6_1\" class=\"text_input captcha\" type=\"text\" id=\"avia_6_1\" value=\"\"\/><\/p><p class=\"form_element \"><input type=\"hidden\" value=\"1\" name=\"avia_generated_form1\" \/><input type=\"submit\" value=\"Einreichen\" class=\"button\"  data-sending-label=\"G\u00f6nderiliyor\"\/><\/p><\/fieldset><\/form><div id=\"ajaxresponse_1\" class=\"ajaxresponse ajaxresponse_1 hidden\"><\/div><\/p><\/div><div  class='flex_column av-7v165-056967187514d1bc7e2c2ca5a9bb8177 av_one_third  avia-builder-el-7  el_after_av_two_third  avia-builder-el-last  flex_column_div  '     ><p>\n<style type=\"text\/css\" data-created_by=\"avia_inline_auto\" id=\"style-css-av-m1f222rg-2eb2b27b1de00a594d1db393cf915742\">\n#top .av-special-heading.av-m1f222rg-2eb2b27b1de00a594d1db393cf915742{\npadding-bottom:10px;\nfont-size:28px;\n}\nbody .av-special-heading.av-m1f222rg-2eb2b27b1de00a594d1db393cf915742 .av-special-heading-tag .heading-char{\nfont-size:25px;\n}\n#top #wrap_all .av-special-heading.av-m1f222rg-2eb2b27b1de00a594d1db393cf915742 .av-special-heading-tag{\nfont-size:28px;\n}\n.av-special-heading.av-m1f222rg-2eb2b27b1de00a594d1db393cf915742 .av-subheading{\nfont-size:15px;\n}\n\n@media only screen and (min-width: 480px) and (max-width: 767px){ \n#top #wrap_all .av-special-heading.av-m1f222rg-2eb2b27b1de00a594d1db393cf915742 .av-special-heading-tag{\nfont-size:0.8em;\n}\n}\n\n@media only screen and (max-width: 479px){ \n#top #wrap_all .av-special-heading.av-m1f222rg-2eb2b27b1de00a594d1db393cf915742 .av-special-heading-tag{\nfont-size:0.8em;\n}\n}\n<\/style>\n<div  id=\"cizgili2\"  class='av-special-heading av-m1f222rg-2eb2b27b1de00a594d1db393cf915742 av-special-heading-h3 blockquote modern-quote  avia-builder-el-8  el_before_av_textblock  avia-builder-el-first  cizgili2 av-inherit-size'><h3 class='av-special-heading-tag '  itemprop=\"headline\"  >Kontakt<\/h3><div class=\"special-heading-border\"><div class=\"special-heading-inner-border\"><\/div><\/div><\/div><br \/>\n<section  class='av_textblock_section av-m1f237y9-44965cf965ef0cb6f7fcb2aeeacbf963 '   itemscope=\"itemscope\" itemtype=\"https:\/\/schema.org\/CreativeWork\" ><div class='avia_textblock'  itemprop=\"text\" ><p><strong>Headquarters\u00a0<\/strong><\/p>\n<p><strong>ATC Mekanik Makine \u0130malat Sanayi ve Tic. A.\u015e.<\/strong><br \/>\n<strong>Address:<\/strong>\u00a0AOSB 10001 Sk. No: 6, \u00c7i\u011fli \/ \u0130zmir, Turkey<\/p>\n<p><strong>Factory II\u00a0<\/strong><\/p>\n<p><strong>Address:<\/strong>\u00a0AOSB 10032 Sk. No: 11, \u00c7i\u011fli \/ \u0130zmir, Turkey<\/p>\n<p><strong>Phone:<\/strong>\u00a0+90 532 734 21 31<br \/>\n<strong>Fax:<\/strong>\u00a0+90 232 328 23 08<\/p>\n<p><strong>General Contact:<\/strong>\u00a0info@atcmekanik.com<br \/>\n<strong>Corporate Contact:<\/strong>\u00a0oktayatici@atcmekanik.com<\/p>\n<\/div><\/section><\/p><\/div>\n","protected":false},"excerpt":{"rendered":"","protected":false},"author":1,"featured_media":10807,"parent":0,"menu_order":5,"comment_status":"open","ping_status":"closed","template":"","meta":{"footnotes":""},"class_list":["post-165","page","type-page","status-publish","has-post-thumbnail","hentry"],"_links":{"self":[{"href":"https:\/\/atcmekanik.com\/de\/wp-json\/wp\/v2\/pages\/165"}],"collection":[{"href":"https:\/\/atcmekanik.com\/de\/wp-json\/wp\/v2\/pages"}],"about":[{"href":"https:\/\/atcmekanik.com\/de\/wp-json\/wp\/v2\/types\/page"}],"author":[{"embeddable":true,"href":"https:\/\/atcmekanik.com\/de\/wp-json\/wp\/v2\/users\/1"}],"replies":[{"embeddable":true,"href":"https:\/\/atcmekanik.com\/de\/wp-json\/wp\/v2\/comments?post=165"}],"version-history":[{"count":13,"href":"https:\/\/atcmekanik.com\/de\/wp-json\/wp\/v2\/pages\/165\/revisions"}],"predecessor-version":[{"id":11593,"href":"https:\/\/atcmekanik.com\/de\/wp-json\/wp\/v2\/pages\/165\/revisions\/11593"}],"wp:featuredmedia":[{"embeddable":true,"href":"https:\/\/atcmekanik.com\/de\/wp-json\/wp\/v2\/media\/10807"}],"wp:attachment":[{"href":"https:\/\/atcmekanik.com\/de\/wp-json\/wp\/v2\/media?parent=165"}],"curies":[{"name":"wp","href":"https:\/\/api.w.org\/{rel}","templated":true}]}}