{"id":10971,"date":"2015-12-17T10:05:42","date_gmt":"2015-12-17T08:05:42","guid":{"rendered":"http:\/\/atcmekanik.com\/?page_id=10971"},"modified":"2025-12-23T16:41:55","modified_gmt":"2025-12-23T13:41:55","slug":"humanressourcen","status":"publish","type":"page","link":"https:\/\/atcmekanik.com\/de\/humanressourcen\/","title":{"rendered":"Humanressourcen"},"content":{"rendered":"<div id='av_section_1'  class='avia-section av-3sajlx7-2c861242480ce51067f19f41709813db main_color avia-section-default avia-no-border-styling  avia-builder-el-0  avia-builder-el-no-sibling  avia-bg-style-scroll container_wrap fullsize'  ><div class='container av-section-cont-open' ><main  role=\"main\" itemprop=\"mainContentOfPage\"  class='template-page content  av-content-full alpha units'><div class='post-entry post-entry-type-page post-entry-10971'><div class='entry-content-wrapper clearfix'>\n<div  class='flex_column av-3ikvqcb-f1f27995482f258343f3fe1d674c34cf av_one_full  avia-builder-el-1  el_before_av_one_half  avia-builder-el-first  first flex_column_div  '     ><style type=\"text\/css\" data-created_by=\"avia_inline_auto\" id=\"style-css-av-m1f2wckx-9cc15a7df4622c8f4c8abb022d371125\">\n#top .av-special-heading.av-m1f2wckx-9cc15a7df4622c8f4c8abb022d371125{\npadding-bottom:10px;\nfont-size:36px;\n}\nbody .av-special-heading.av-m1f2wckx-9cc15a7df4622c8f4c8abb022d371125 .av-special-heading-tag .heading-char{\nfont-size:25px;\n}\n#top #wrap_all .av-special-heading.av-m1f2wckx-9cc15a7df4622c8f4c8abb022d371125 .av-special-heading-tag{\nfont-size:36px;\n}\n.av-special-heading.av-m1f2wckx-9cc15a7df4622c8f4c8abb022d371125 .av-subheading{\nfont-size:15px;\n}\n\n@media only screen and (min-width: 480px) and (max-width: 767px){ \n#top #wrap_all .av-special-heading.av-m1f2wckx-9cc15a7df4622c8f4c8abb022d371125 .av-special-heading-tag{\nfont-size:0.8em;\n}\n}\n\n@media only screen and (max-width: 479px){ \n#top #wrap_all .av-special-heading.av-m1f2wckx-9cc15a7df4622c8f4c8abb022d371125 .av-special-heading-tag{\nfont-size:0.8em;\n}\n}\n<\/style>\n<div  class='av-special-heading av-m1f2wckx-9cc15a7df4622c8f4c8abb022d371125 av-special-heading-h3 blockquote modern-quote modern-centered  avia-builder-el-2  avia-builder-el-no-sibling  av-inherit-size'><h3 class='av-special-heading-tag '  itemprop=\"headline\"  >Humanressourcen<\/h3><div class=\"special-heading-border\"><div class=\"special-heading-inner-border\"><\/div><\/div><\/div><\/div><div  class='flex_column av-34p06u3-0531421bd40c4602eaf454efd33b2008 av_one_half  avia-builder-el-3  el_after_av_one_full  el_before_av_one_half  first flex_column_div  column-top-margin'     ><section  class='av_textblock_section av-m1f2w7zb-8bbbb0dede19f0a064def554dca375c6 '   itemscope=\"itemscope\" itemtype=\"https:\/\/schema.org\/CreativeWork\" ><div class='avia_textblock'  itemprop=\"text\" ><p>Eines unserer St\u00e4rken ist, dass wir als Firma den Menschen sch\u00e4tzen. Unsere Priorit\u00e4t ist immer die Mitarbeiterzufriedenheit, die wir in vielen Bereichen wie Weiterbildung, Verg\u00fctungs- und Belohnungssysteme, soziale Aktivit\u00e4tsm\u00f6glichkeiten und angenehmes Arbeitsumfeld gew\u00e4hrleisten.<\/p>\n<p>Wir als die Abteilung f\u00fcr Humanressourcen bewerten unsere Bewerber auf der Grundlage ihrer \u201eQualifikation\u201c und \u201eKompetenz\u201c, die f\u00fcr die angestrebte Arbeitsposition erforderlich ist. W\u00e4hrend sich ihre \u201eQualifikationen\u201c aus ihrer Bildung, Fremdsprachenkenntnisse und Berufserfahrungen bei \u00e4hnlichen Arbeitspositionen zusammensetzen, verstehen wir unter \u201eKompetenzen\u201c Pers\u00f6nlichkeitseigenschaften wie F\u00fchrungspotenzial, analytisches Denken, Teamf\u00e4higkeit und l\u00f6sungsorientiertes Handeln.<\/p>\n<p>Die wichtigsten Kompetenzen, die wir als ATC Mekanik f\u00fcr ihre Einstellung in den Arbeitsbereichen Schwei\u00dfkonstruktion, elektrostatische Pulverlackierung und Herstellung mit S\u00e4gesp\u00e4ne bevorzugen und die f\u00fcr unseren gesamten Dienstleistungsbereich unerl\u00e4sslich sind, sind folgende: Dynamik und sowohl als Teamleiter als auch als Teammitglied l\u00f6sungsorientiertes und positives Handeln.<\/p>\n<p>Wir als eine etablierte Firma, sehen die Erfolgsentschlossenheit unserer Mitarbeiter als das Symbol unserer Unternehmensst\u00e4rke. Wenn Sie daran glauben, dass Sie einen Unterschied machen k\u00f6nnen und Teil unseres Teams sein m\u00f6chten, bitte wenden Sie sich an uns.<\/p>\n<\/div><\/section><\/div><div  class='flex_column av-2iu3kl7-ab98ca8ae349f6c8a07a1e5e75595cf1 av_one_half  avia-builder-el-5  el_after_av_one_half  avia-builder-el-last  flex_column_div  column-top-margin'     ><form action=\"https:\/\/atcmekanik.com\/de\/humanressourcen\/\" method=\"post\" data-fields-with-error=\"Found errors in the following field(s):\" class=\"avia_ajax_form av-form-labels-hidden   avia-builder-el-6  avia-builder-el-no-sibling   \" data-avia-form-id=\"1\" data-avia-redirect='' ><fieldset><p class='  first_form  form_element form_fullwidth' id='element_avia_1_1'><label for=\"avia_1_1\">Vor- und Zuname <abbr class=\"required\" title=\"Zorunlu\">*<\/abbr><\/label> <input name=\"avia_1_1\" class=\"text_input is_empty\" type=\"text\" id=\"avia_1_1\" value=\"\"  placeholder='Vor- und Zuname*'\/><\/p><p class='  first_form  form_element form_fullwidth' id='element_avia_2_1'><label for=\"avia_2_1\">E-mail<\/label> <input name=\"avia_2_1\" class=\"text_input \" type=\"text\" id=\"avia_2_1\" value=\"\"  placeholder='E-mail'\/><\/p><p class='  first_form  form_element form_fullwidth' id='element_avia_3_1'><label for=\"avia_3_1\">Telefon <abbr class=\"required\" title=\"Zorunlu\">*<\/abbr><\/label> <input name=\"avia_3_1\" class=\"text_input is_empty\" type=\"text\" id=\"avia_3_1\" value=\"\"  placeholder='Telefon*'\/><\/p><p class='  first_form  form_element form_fullwidth av-last-visible-form-element' id='element_avia_4_1'><label for=\"avia_4_1\" class=\"textare_label hidden textare_label_avia_4_1\">Ihre Nachricht <abbr class=\"required\" title=\"Zorunlu\">*<\/abbr><\/label><textarea  placeholder='Ihre Nachricht*' name=\"avia_4_1\" class=\"text_area is_empty\" cols=\"40\" rows=\"7\" id=\"avia_4_1\" ><\/textarea><\/p><p class=\"hidden\"><input type=\"text\" name=\"avia_5_1\" class=\"hidden \" id=\"avia_5_1\" value=\"\" \/><\/p><p class=\"form_element \"><input type=\"hidden\" value=\"1\" name=\"avia_generated_form1\" \/><input type=\"submit\" value=\"Einreichen\" class=\"button\"  data-sending-label=\"G\u00f6nderiliyor\"\/><\/p><\/fieldset><\/form><div id=\"ajaxresponse_1\" class=\"ajaxresponse ajaxresponse_1 hidden\"><\/div><\/div>\n","protected":false},"excerpt":{"rendered":"","protected":false},"author":1,"featured_media":0,"parent":0,"menu_order":0,"comment_status":"closed","ping_status":"closed","template":"","meta":{"footnotes":""},"class_list":["post-10971","page","type-page","status-publish","hentry"],"_links":{"self":[{"href":"https:\/\/atcmekanik.com\/de\/wp-json\/wp\/v2\/pages\/10971"}],"collection":[{"href":"https:\/\/atcmekanik.com\/de\/wp-json\/wp\/v2\/pages"}],"about":[{"href":"https:\/\/atcmekanik.com\/de\/wp-json\/wp\/v2\/types\/page"}],"author":[{"embeddable":true,"href":"https:\/\/atcmekanik.com\/de\/wp-json\/wp\/v2\/users\/1"}],"replies":[{"embeddable":true,"href":"https:\/\/atcmekanik.com\/de\/wp-json\/wp\/v2\/comments?post=10971"}],"version-history":[{"count":6,"href":"https:\/\/atcmekanik.com\/de\/wp-json\/wp\/v2\/pages\/10971\/revisions"}],"predecessor-version":[{"id":11349,"href":"https:\/\/atcmekanik.com\/de\/wp-json\/wp\/v2\/pages\/10971\/revisions\/11349"}],"wp:attachment":[{"href":"https:\/\/atcmekanik.com\/de\/wp-json\/wp\/v2\/media?parent=10971"}],"curies":[{"name":"wp","href":"https:\/\/api.w.org\/{rel}","templated":true}]}}