{"id":10960,"date":"2015-12-17T09:58:21","date_gmt":"2015-12-17T07:58:21","guid":{"rendered":"http:\/\/atcmekanik.com\/?page_id=10960"},"modified":"2025-12-23T16:41:14","modified_gmt":"2025-12-23T13:41:14","slug":"formular-fur-angebot-und-anfrage","status":"publish","type":"page","link":"https:\/\/atcmekanik.com\/de\/formular-fur-angebot-und-anfrage\/","title":{"rendered":"Formular f\u00fcr Angebot und Anfrage"},"content":{"rendered":"<div id='av_section_1'  class='avia-section av-40ozt80-6d6f1385dea16d84749c4ca233883e17 main_color avia-section-default avia-no-border-styling  avia-builder-el-0  avia-builder-el-no-sibling  avia-bg-style-scroll container_wrap fullsize'  ><div class='container av-section-cont-open' ><main  role=\"main\" itemprop=\"mainContentOfPage\"  class='template-page content  av-content-full alpha units'><div class='post-entry post-entry-type-page post-entry-10960'><div class='entry-content-wrapper clearfix'>\n<div  class='flex_column av-3j4cltc-efe78a2b4514969551efbd6866e7747a av_one_full  avia-builder-el-1  el_before_av_one_half  avia-builder-el-first  first flex_column_div  '     ><style type=\"text\/css\" data-created_by=\"avia_inline_auto\" id=\"style-css-av-m1f31ma6-a69be49b217bd634cb178ebda311ab0f\">\n#top .av-special-heading.av-m1f31ma6-a69be49b217bd634cb178ebda311ab0f{\npadding-bottom:10px;\nfont-size:36px;\n}\nbody .av-special-heading.av-m1f31ma6-a69be49b217bd634cb178ebda311ab0f .av-special-heading-tag .heading-char{\nfont-size:25px;\n}\n#top #wrap_all .av-special-heading.av-m1f31ma6-a69be49b217bd634cb178ebda311ab0f .av-special-heading-tag{\nfont-size:36px;\n}\n.av-special-heading.av-m1f31ma6-a69be49b217bd634cb178ebda311ab0f .av-subheading{\nfont-size:15px;\n}\n\n@media only screen and (min-width: 480px) and (max-width: 767px){ \n#top #wrap_all .av-special-heading.av-m1f31ma6-a69be49b217bd634cb178ebda311ab0f .av-special-heading-tag{\nfont-size:0.8em;\n}\n}\n\n@media only screen and (max-width: 479px){ \n#top #wrap_all .av-special-heading.av-m1f31ma6-a69be49b217bd634cb178ebda311ab0f .av-special-heading-tag{\nfont-size:0.8em;\n}\n}\n<\/style>\n<div  class='av-special-heading av-m1f31ma6-a69be49b217bd634cb178ebda311ab0f av-special-heading-h3 blockquote modern-quote modern-centered  avia-builder-el-2  avia-builder-el-no-sibling  av-inherit-size'><h3 class='av-special-heading-tag '  itemprop=\"headline\"  >Formular f\u00fcr Angebot und Anfrage<\/h3><div class=\"special-heading-border\"><div class=\"special-heading-inner-border\"><\/div><\/div><\/div><\/div><div  class='flex_column av-35nar9s-593805ff2ff0f655a9e39e79efaca4da av_one_half  avia-builder-el-3  el_after_av_one_full  el_before_av_one_half  first flex_column_div  column-top-margin'     ><section  class='av_textblock_section av-m1f31iiz-529748a2484ba31031ae79fd08b2d1aa '   itemscope=\"itemscope\" itemtype=\"https:\/\/schema.org\/CreativeWork\" ><div class='avia_textblock'  itemprop=\"text\" ><p>In unserer Firma im Izmir AOSB (Industriegebiet) werden innerhalb unserer Schwei\u00dfkonstruktionsdienstleistungen auch spezifische Kundenw\u00fcnsche zu geschwei\u00dften Teilen mit einer sehr pr\u00e4zisen und hochwertigen Verarbeitung erf\u00fcllt und anschlie\u00dfend der gew\u00fcnschten Qualit\u00e4tskontrolle unterzogen und mit den notwendigen Zertifikaten p\u00fcnktlich geliefert.<\/p>\n<p>Ihre hergestellten und kontrollierten Teile werden je nach Anwendungsbereich mit verschiedenen elektrostatische Pulverlacken in verschiedenen Qualit\u00e4ten und Anwendungstechniken in der gew\u00fcnschten Farbe und rad-Codes lackiert, verpackt und p\u00fcnktlich an Sie geliefert.<\/p>\n<p>Bitte f\u00fcllen Sie das nachstehende Formular l\u00fcckenfrei aus, um einen g\u00fcnstigen Angebot bez\u00fcglich unserer Dienstleistungen zu erhalten. Unsere Kundenvertretung wird mit Ihnen in k\u00fcrzester Zeit in Kontakt treten.<\/p>\n<\/div><\/section><\/div><div  class='flex_column av-2lrpvao-4bcfe00bc42f4b1f1c3622feff24afc9 av_one_half  avia-builder-el-5  el_after_av_one_half  avia-builder-el-last  flex_column_div  column-top-margin'     ><form action=\"https:\/\/atcmekanik.com\/de\/formular-fur-angebot-und-anfrage\/\" method=\"post\" data-fields-with-error=\"Found errors in the following field(s):\" class=\"avia_ajax_form av-form-labels-hidden   avia-builder-el-6  avia-builder-el-no-sibling   \" data-avia-form-id=\"1\" data-avia-redirect='' ><fieldset><p class='  first_form  form_element form_fullwidth' id='element_avia_1_1'><label for=\"avia_1_1\">Vor- und Zuname <abbr class=\"required\" title=\"Zorunlu\">*<\/abbr><\/label> <input name=\"avia_1_1\" class=\"text_input is_empty\" type=\"text\" id=\"avia_1_1\" value=\"\"  placeholder='Vor- und Zuname*'\/><\/p><p class='  first_form  form_element form_fullwidth' id='element_avia_2_1'><label for=\"avia_2_1\">E-Mail <abbr class=\"required\" title=\"Zorunlu\">*<\/abbr><\/label> <input name=\"avia_2_1\" class=\"text_input is_empty\" type=\"text\" id=\"avia_2_1\" value=\"\"  placeholder='E-Mail*'\/><\/p><p class='  first_form  form_element form_fullwidth' id='element_avia_3_1'><label for=\"avia_3_1\">Telefon <abbr class=\"required\" title=\"Zorunlu\">*<\/abbr><\/label> <input name=\"avia_3_1\" class=\"text_input is_empty\" type=\"text\" id=\"avia_3_1\" value=\"\"  placeholder='Telefon*'\/><\/p><p class='  first_form  form_element form_fullwidth' id='element_avia_4_1'><label for=\"avia_4_1\">Angefordertes Produkt <abbr class=\"required\" title=\"Zorunlu\">*<\/abbr><\/label> <input name=\"avia_4_1\" class=\"text_input is_empty\" type=\"text\" id=\"avia_4_1\" value=\"\"  placeholder='Angefordertes Produkt*'\/><\/p><p class='  first_form  form_element form_fullwidth av-last-visible-form-element' id='element_avia_5_1'><label for=\"avia_5_1\" class=\"textare_label hidden textare_label_avia_5_1\">Ihre Nachricht <abbr class=\"required\" title=\"Zorunlu\">*<\/abbr><\/label><textarea  placeholder='Ihre Nachricht*' name=\"avia_5_1\" class=\"text_area is_empty\" cols=\"40\" rows=\"7\" id=\"avia_5_1\" ><\/textarea><\/p><p class=\"hidden\"><input type=\"text\" name=\"avia_6_1\" class=\"hidden \" id=\"avia_6_1\" value=\"\" \/><\/p><p class=\"form_element \"><input type=\"hidden\" value=\"1\" name=\"avia_generated_form1\" \/><input type=\"submit\" value=\"Einreichen\" class=\"button\"  data-sending-label=\"G\u00f6nderiliyor\"\/><\/p><\/fieldset><\/form><div id=\"ajaxresponse_1\" class=\"ajaxresponse ajaxresponse_1 hidden\"><\/div><\/div>\n","protected":false},"excerpt":{"rendered":"","protected":false},"author":1,"featured_media":0,"parent":0,"menu_order":0,"comment_status":"closed","ping_status":"closed","template":"","meta":{"footnotes":""},"class_list":["post-10960","page","type-page","status-publish","hentry"],"_links":{"self":[{"href":"https:\/\/atcmekanik.com\/de\/wp-json\/wp\/v2\/pages\/10960"}],"collection":[{"href":"https:\/\/atcmekanik.com\/de\/wp-json\/wp\/v2\/pages"}],"about":[{"href":"https:\/\/atcmekanik.com\/de\/wp-json\/wp\/v2\/types\/page"}],"author":[{"embeddable":true,"href":"https:\/\/atcmekanik.com\/de\/wp-json\/wp\/v2\/users\/1"}],"replies":[{"embeddable":true,"href":"https:\/\/atcmekanik.com\/de\/wp-json\/wp\/v2\/comments?post=10960"}],"version-history":[{"count":14,"href":"https:\/\/atcmekanik.com\/de\/wp-json\/wp\/v2\/pages\/10960\/revisions"}],"predecessor-version":[{"id":11633,"href":"https:\/\/atcmekanik.com\/de\/wp-json\/wp\/v2\/pages\/10960\/revisions\/11633"}],"wp:attachment":[{"href":"https:\/\/atcmekanik.com\/de\/wp-json\/wp\/v2\/media?parent=10960"}],"curies":[{"name":"wp","href":"https:\/\/api.w.org\/{rel}","templated":true}]}}